{"id":1063,"date":"2017-02-17T12:51:58","date_gmt":"2017-02-17T11:51:58","guid":{"rendered":"http:\/\/ampelosetdeviris.com\/?page_id=1063"},"modified":"2025-05-13T15:05:38","modified_gmt":"2025-05-13T13:05:38","slug":"jean-pierre-joulin","status":"publish","type":"page","link":"https:\/\/ampelosetdeviris.com\/index.php\/les-invites\/jean-pierre-joulin\/","title":{"rendered":"Jean-Pierre JOULIN"},"content":{"rendered":"[vc_row][vc_column][vc_single_image image=\u00a0\u00bb1816&Prime; img_size=\u00a0\u00bbfull\u00a0\u00bb css_animation=\u00a0\u00bbfadeInUp\u00a0\u00bb][vc_column_text]\n<h4><span style=\"color: #a01259;\">Journaliste.<\/span><\/h4>\n<h5 style=\"text-align: justify;\">Il entre \u00e0 l\u2019AFP o\u00f9 il apprend le m\u00e9tier d\u2019\u201cagencier\u201d au service \u00e9tranger. Il y couvre la fin de la Guerre d&rsquo;Alg\u00e9rie, le conflit katangais et la mort de Dag Hammarskj\u00f6ld avant de prendre, en 1955, la direction int\u00e9rimaire du bureau de Tunis.<\/h5>\n<h5 style=\"text-align: justify;\">Il y reste jusqu\u2019en 1963, ann\u00e9e o\u00f9 il est nomm\u00e9 directeur du bureau de l\u2019Agence en \u00c9gypte. C\u2019est l\u00e0, qu\u2019en 1970, il fait la connaissance du directeur de la r\u00e9daction du Nouvel Observateur. Il s\u2019\u00e9tablit alors un tr\u00e8s bon contact au point que ce dernier l\u2019invite \u00e0 venir \u00e0 son journal prendre en main le service \u00e9tranger. Ensuite, il rejoint Europe 1 pour occuper le poste de r\u00e9dacteur en chef-adjoint puis de chef du service \u00e9tranger (1977-1981) et enfin de r\u00e9dacteur en chef et de correspondant aux \u00c9tats-Unis (1981-1988).<\/h5>\n<h5 style=\"text-align: justify;\">En 2001 Jean-Luc Lagard\u00e8re le rappelle pour le charger de s&rsquo;occuper de n\u00e9gocier avec les Allemands de DaimlerChrysler le dossier de la communication industrielle et commerciale du futur ensemble EADS fusionnant Aerospatiale-Matra et DASA.<\/h5>\n[\/vc_column_text][vc_separator el_width=\u00a0\u00bb90&Prime;][\/vc_column][\/vc_row]\n","protected":false},"excerpt":{"rendered":"<p>[vc_row][vc_column][vc_single_image image=\u00a0\u00bb1816&Prime; img_size=\u00a0\u00bbfull\u00a0\u00bb css_animation=\u00a0\u00bbfadeInUp\u00a0\u00bb][vc_column_text] Journaliste. Il entre \u00e0 l\u2019AFP o\u00f9 il apprend le m\u00e9tier d\u2019\u201cagencier\u201d au service \u00e9tranger&#8230;. <a class=\"excerpt-read-more\" href=\"https:\/\/ampelosetdeviris.com\/index.php\/les-invites\/jean-pierre-joulin\/\"><span>Continue Reading<\/span><\/a><\/p>\n","protected":false},"author":1,"featured_media":1816,"parent":355,"menu_order":0,"comment_status":"closed","ping_status":"closed","template":"","meta":{"footnotes":""},"class_list":["post-1063","page","type-page","status-publish","has-post-thumbnail","hentry"],"_links":{"self":[{"href":"https:\/\/ampelosetdeviris.com\/index.php\/wp-json\/wp\/v2\/pages\/1063","targetHints":{"allow":["GET"]}}],"collection":[{"href":"https:\/\/ampelosetdeviris.com\/index.php\/wp-json\/wp\/v2\/pages"}],"about":[{"href":"https:\/\/ampelosetdeviris.com\/index.php\/wp-json\/wp\/v2\/types\/page"}],"author":[{"embeddable":true,"href":"https:\/\/ampelosetdeviris.com\/index.php\/wp-json\/wp\/v2\/users\/1"}],"replies":[{"embeddable":true,"href":"https:\/\/ampelosetdeviris.com\/index.php\/wp-json\/wp\/v2\/comments?post=1063"}],"version-history":[{"count":6,"href":"https:\/\/ampelosetdeviris.com\/index.php\/wp-json\/wp\/v2\/pages\/1063\/revisions"}],"predecessor-version":[{"id":1841,"href":"https:\/\/ampelosetdeviris.com\/index.php\/wp-json\/wp\/v2\/pages\/1063\/revisions\/1841"}],"up":[{"embeddable":true,"href":"https:\/\/ampelosetdeviris.com\/index.php\/wp-json\/wp\/v2\/pages\/355"}],"wp:featuredmedia":[{"embeddable":true,"href":"https:\/\/ampelosetdeviris.com\/index.php\/wp-json\/wp\/v2\/media\/1816"}],"wp:attachment":[{"href":"https:\/\/ampelosetdeviris.com\/index.php\/wp-json\/wp\/v2\/media?parent=1063"}],"curies":[{"name":"wp","href":"https:\/\/api.w.org\/{rel}","templated":true}]}}