{"id":1075,"date":"2017-02-17T13:06:49","date_gmt":"2017-02-17T12:06:49","guid":{"rendered":"http:\/\/ampelosetdeviris.com\/?page_id=1075"},"modified":"2025-05-13T14:44:58","modified_gmt":"2025-05-13T12:44:58","slug":"christian-de-boissieu","status":"publish","type":"page","link":"https:\/\/ampelosetdeviris.com\/index.php\/les-invites\/christian-de-boissieu\/","title":{"rendered":"Christian de BOISSIEU"},"content":{"rendered":"[vc_row][vc_column][vc_single_image image=\u00a0\u00bb1816&Prime; img_size=\u00a0\u00bbfull\u00a0\u00bb css_animation=\u00a0\u00bbfadeInUp\u00a0\u00bb][vc_column_text]\n<h4><span style=\"color: #a01259;\">Ancien pr\u00e9sident d\u00e9l\u00e9gu\u00e9 du Conseil d\u2019Analyse Economique et membre du coll\u00e8ge de l\u2019Autorit\u00e9 des March\u00e9s Financiers.<\/span><\/h4>\n<h5 style=\"text-align: justify;\">Apr\u00e8s avoir obtenu le dipl\u00f4me de docteur d\u2019Etat et l\u2019agr\u00e9gation en droit et de sciences \u00e9conomiques. Il a occup\u00e9 de nombreuses fonction universitaires (ma\u00eetre de conf\u00e9rence \u00e0 l\u2019universit\u00e9 de Rouen, de l\u2019IEP de Paris et enfin de Paris 1 Panth\u00e9on-Sorbonne o\u00f9 il est encore directeur du master Banque finance et assurance).<\/h5>\n<h5 style=\"text-align: justify;\">Son activit\u00e9 d\u2019enseignant se double ensuite d\u2019une pr\u00e9sence dans les soci\u00e9t\u00e9s savantes et institutions \u00e9conomiques\u00a0 : il est ainsi pr\u00e9sident d\u2019honneur de l\u2019Association fran\u00e7aise de finance (AFFI) et de la Soci\u00e9t\u00e9 d\u2019\u00e9conomie politique, il est membre de la Soci\u00e9t\u00e9 universitaire europ\u00e9enne de recherches financi\u00e8res et pr\u00e9side le Conseil d\u2019analyse Economique jusqu\u2019en 2012.<\/h5>\n<h5 style=\"text-align: justify;\">Sp\u00e9cialiste de questions mon\u00e9taires et bancaires, il a occup\u00e9 de nombreuses fonctions de conseiller \u00e9conomique aupr\u00e8s d\u2019institutions financi\u00e8res de banques et fonds d\u2019investissements (CCIP, Coe-Rexecode, OPVCM, banque mondiale, AMF, CAE, CECEI, banque Hervet, Ernst&amp;Young, Neuflize OBC, Pan Holding, Cr\u00e9dit agricole) jusqu&rsquo;\u00e0 sa nomination au sein du Coll\u00e8ge de l&rsquo;Autorit\u00e9 des march\u00e9s financiers (AMF) en juin 2011.<\/h5>\n<h5 style=\"text-align: justify;\">Depuis 2011, il pr\u00e9side aussi le conseil scientifique du Laboratoire d&rsquo;Excellence sur la R\u00e9gulation Financi\u00e8re, form\u00e9 par le CNAM, l&rsquo;ENA, ESCP-Europe et l&rsquo;Universit\u00e9 Paris-1 Panth\u00e9on-Sorbonne.<\/h5>\n[\/vc_column_text][vc_separator el_width=\u00a0\u00bb90&Prime;][\/vc_column][\/vc_row]\n","protected":false},"excerpt":{"rendered":"<p>[vc_row][vc_column][vc_single_image image=\u00a0\u00bb1816&Prime; img_size=\u00a0\u00bbfull\u00a0\u00bb css_animation=\u00a0\u00bbfadeInUp\u00a0\u00bb][vc_column_text] Ancien pr\u00e9sident d\u00e9l\u00e9gu\u00e9 du Conseil d\u2019Analyse Economique et membre du coll\u00e8ge de l\u2019Autorit\u00e9 des&#8230; <a class=\"excerpt-read-more\" href=\"https:\/\/ampelosetdeviris.com\/index.php\/les-invites\/christian-de-boissieu\/\"><span>Continue Reading<\/span><\/a><\/p>\n","protected":false},"author":1,"featured_media":1816,"parent":355,"menu_order":0,"comment_status":"closed","ping_status":"closed","template":"","meta":{"footnotes":""},"class_list":["post-1075","page","type-page","status-publish","has-post-thumbnail","hentry"],"_links":{"self":[{"href":"https:\/\/ampelosetdeviris.com\/index.php\/wp-json\/wp\/v2\/pages\/1075","targetHints":{"allow":["GET"]}}],"collection":[{"href":"https:\/\/ampelosetdeviris.com\/index.php\/wp-json\/wp\/v2\/pages"}],"about":[{"href":"https:\/\/ampelosetdeviris.com\/index.php\/wp-json\/wp\/v2\/types\/page"}],"author":[{"embeddable":true,"href":"https:\/\/ampelosetdeviris.com\/index.php\/wp-json\/wp\/v2\/users\/1"}],"replies":[{"embeddable":true,"href":"https:\/\/ampelosetdeviris.com\/index.php\/wp-json\/wp\/v2\/comments?post=1075"}],"version-history":[{"count":7,"href":"https:\/\/ampelosetdeviris.com\/index.php\/wp-json\/wp\/v2\/pages\/1075\/revisions"}],"predecessor-version":[{"id":1824,"href":"https:\/\/ampelosetdeviris.com\/index.php\/wp-json\/wp\/v2\/pages\/1075\/revisions\/1824"}],"up":[{"embeddable":true,"href":"https:\/\/ampelosetdeviris.com\/index.php\/wp-json\/wp\/v2\/pages\/355"}],"wp:featuredmedia":[{"embeddable":true,"href":"https:\/\/ampelosetdeviris.com\/index.php\/wp-json\/wp\/v2\/media\/1816"}],"wp:attachment":[{"href":"https:\/\/ampelosetdeviris.com\/index.php\/wp-json\/wp\/v2\/media?parent=1075"}],"curies":[{"name":"wp","href":"https:\/\/api.w.org\/{rel}","templated":true}]}}