{"id":1078,"date":"2017-02-17T13:10:20","date_gmt":"2017-02-17T12:10:20","guid":{"rendered":"http:\/\/ampelosetdeviris.com\/?page_id=1078"},"modified":"2025-05-13T14:46:06","modified_gmt":"2025-05-13T12:46:06","slug":"christophe-laval","status":"publish","type":"page","link":"https:\/\/ampelosetdeviris.com\/index.php\/les-invites\/christophe-laval\/","title":{"rendered":"Christophe LAVAL"},"content":{"rendered":"[vc_row][vc_column][vc_single_image image=\u00a0\u00bb1816&Prime; img_size=\u00a0\u00bbfull\u00a0\u00bb css_animation=\u00a0\u00bbfadeInUp\u00a0\u00bb][vc_column_text]\n<h4><span style=\"color: #a01259;\">Directeur g\u00e9n\u00e9ral RH de Compass Group Europe.<\/span><\/h4>\n<h5 style=\"text-align: justify;\">Apr\u00e8s avoir occup\u00e9 occup\u00e9 de nombreuses fonctions de DRH (DRH Europe de la Division Eau et Energie Thermique au sein du Groupe Schlumberger puis DRH de Quaker Oats France de 1994 \u00e0 1996, date \u00e0 laquelle il rejoint le Groupe Yoplait comme Directeur des RH et de la communication), il rejoint en 2001 Compass Group en tant que DRH Europe de l&rsquo;Ouest.<\/h5>\n<h5 style=\"text-align: justify;\">Il est nomm\u00e9 en avril 2003, Pr\u00e9sident-Directeur g\u00e9n\u00e9ral de Compass Group France Enseignement, Sant\u00e9 et Services H\u00f4teliers. En avril 2005, il est promu Directeur g\u00e9n\u00e9ral RH de Compass Group Europe.\u2028Son dernier ouvrage paru en 2011 intitul\u00e9 \u00ab\u00a0 Plaidoyer pour la reconnaissance au travail\u00a0 \u00bb nous explique que la France est tr\u00e8s en retard sur les questions de la reconnaissance non mon\u00e9taire au travail.<\/h5>\n[\/vc_column_text][vc_separator el_width=\u00a0\u00bb90&Prime;][\/vc_column][\/vc_row]\n","protected":false},"excerpt":{"rendered":"<p>[vc_row][vc_column][vc_single_image image=\u00a0\u00bb1816&Prime; img_size=\u00a0\u00bbfull\u00a0\u00bb css_animation=\u00a0\u00bbfadeInUp\u00a0\u00bb][vc_column_text] Directeur g\u00e9n\u00e9ral RH de Compass Group Europe. Apr\u00e8s avoir occup\u00e9 occup\u00e9 de nombreuses fonctions&#8230; <a class=\"excerpt-read-more\" href=\"https:\/\/ampelosetdeviris.com\/index.php\/les-invites\/christophe-laval\/\"><span>Continue Reading<\/span><\/a><\/p>\n","protected":false},"author":1,"featured_media":1816,"parent":355,"menu_order":0,"comment_status":"closed","ping_status":"closed","template":"","meta":{"footnotes":""},"class_list":["post-1078","page","type-page","status-publish","has-post-thumbnail","hentry"],"_links":{"self":[{"href":"https:\/\/ampelosetdeviris.com\/index.php\/wp-json\/wp\/v2\/pages\/1078","targetHints":{"allow":["GET"]}}],"collection":[{"href":"https:\/\/ampelosetdeviris.com\/index.php\/wp-json\/wp\/v2\/pages"}],"about":[{"href":"https:\/\/ampelosetdeviris.com\/index.php\/wp-json\/wp\/v2\/types\/page"}],"author":[{"embeddable":true,"href":"https:\/\/ampelosetdeviris.com\/index.php\/wp-json\/wp\/v2\/users\/1"}],"replies":[{"embeddable":true,"href":"https:\/\/ampelosetdeviris.com\/index.php\/wp-json\/wp\/v2\/comments?post=1078"}],"version-history":[{"count":7,"href":"https:\/\/ampelosetdeviris.com\/index.php\/wp-json\/wp\/v2\/pages\/1078\/revisions"}],"predecessor-version":[{"id":1826,"href":"https:\/\/ampelosetdeviris.com\/index.php\/wp-json\/wp\/v2\/pages\/1078\/revisions\/1826"}],"up":[{"embeddable":true,"href":"https:\/\/ampelosetdeviris.com\/index.php\/wp-json\/wp\/v2\/pages\/355"}],"wp:featuredmedia":[{"embeddable":true,"href":"https:\/\/ampelosetdeviris.com\/index.php\/wp-json\/wp\/v2\/media\/1816"}],"wp:attachment":[{"href":"https:\/\/ampelosetdeviris.com\/index.php\/wp-json\/wp\/v2\/media?parent=1078"}],"curies":[{"name":"wp","href":"https:\/\/api.w.org\/{rel}","templated":true}]}}