{"id":1085,"date":"2017-02-17T13:17:30","date_gmt":"2017-02-17T12:17:30","guid":{"rendered":"http:\/\/ampelosetdeviris.com\/?page_id=1085"},"modified":"2019-03-06T12:16:45","modified_gmt":"2019-03-06T11:16:45","slug":"jean-yves-gilet","status":"publish","type":"page","link":"https:\/\/ampelosetdeviris.com\/index.php\/les-invites\/jean-yves-gilet\/","title":{"rendered":"Jean-Yves GILET"},"content":{"rendered":"[vc_row][vc_column][vc_single_image image=\u00a0\u00bb1054&Prime; img_size=\u00a0\u00bbfull\u00a0\u00bb css_animation=\u00a0\u00bbfadeInUp\u00a0\u00bb][vc_column_text]\n<h4><span style=\"color: #a01259;\">Directeur G\u00e9n\u00e9ral du Fond Strat\u00e9gique d\u2019Investissement<\/span><\/h4>\n<h5>Jean-Yves GILET a pass\u00e9 9 ans dans l\u2019administration (Industrie, DATAR, Directeur de cabinet d\u2019un ministre), 20 ans dans l\u2019acier au sein de la division Strat\u00e9gie et Affaires internationales chez Usinor, puis ex\u00e9cutif, en Europe et au Br\u00e9sil dans les inox d\u2019Usinor puis Directeur G\u00e9n\u00e9ral d\u2019Arcelor (2002-2006) et Vice-President d\u2019ArcelorMittal (2006-2010) avec la responsabilit\u00e9 de la Branche Inox. En 2010, il est choisi pour succ\u00e9der \u00e0 Gilles MICHEL \u00e0 la direction g\u00e9n\u00e9rale du Fond Strat\u00e9gique d\u2019Investissement.<\/h5>\n[\/vc_column_text][vc_separator el_width=\u00a0\u00bb90&Prime;][\/vc_column][\/vc_row]\n","protected":false},"excerpt":{"rendered":"<p>[vc_row][vc_column][vc_single_image image=\u00a0\u00bb1054&Prime; img_size=\u00a0\u00bbfull\u00a0\u00bb css_animation=\u00a0\u00bbfadeInUp\u00a0\u00bb][vc_column_text] Directeur G\u00e9n\u00e9ral du Fond Strat\u00e9gique d\u2019Investissement Jean-Yves GILET a pass\u00e9 9 ans dans l\u2019administration&#8230; <a class=\"excerpt-read-more\" href=\"https:\/\/ampelosetdeviris.com\/index.php\/les-invites\/jean-yves-gilet\/\"><span>Continue Reading<\/span><\/a><\/p>\n","protected":false},"author":1,"featured_media":1729,"parent":355,"menu_order":0,"comment_status":"closed","ping_status":"closed","template":"","meta":{"footnotes":""},"class_list":["post-1085","page","type-page","status-publish","has-post-thumbnail","hentry"],"_links":{"self":[{"href":"https:\/\/ampelosetdeviris.com\/index.php\/wp-json\/wp\/v2\/pages\/1085","targetHints":{"allow":["GET"]}}],"collection":[{"href":"https:\/\/ampelosetdeviris.com\/index.php\/wp-json\/wp\/v2\/pages"}],"about":[{"href":"https:\/\/ampelosetdeviris.com\/index.php\/wp-json\/wp\/v2\/types\/page"}],"author":[{"embeddable":true,"href":"https:\/\/ampelosetdeviris.com\/index.php\/wp-json\/wp\/v2\/users\/1"}],"replies":[{"embeddable":true,"href":"https:\/\/ampelosetdeviris.com\/index.php\/wp-json\/wp\/v2\/comments?post=1085"}],"version-history":[{"count":4,"href":"https:\/\/ampelosetdeviris.com\/index.php\/wp-json\/wp\/v2\/pages\/1085\/revisions"}],"predecessor-version":[{"id":1735,"href":"https:\/\/ampelosetdeviris.com\/index.php\/wp-json\/wp\/v2\/pages\/1085\/revisions\/1735"}],"up":[{"embeddable":true,"href":"https:\/\/ampelosetdeviris.com\/index.php\/wp-json\/wp\/v2\/pages\/355"}],"wp:featuredmedia":[{"embeddable":true,"href":"https:\/\/ampelosetdeviris.com\/index.php\/wp-json\/wp\/v2\/media\/1729"}],"wp:attachment":[{"href":"https:\/\/ampelosetdeviris.com\/index.php\/wp-json\/wp\/v2\/media?parent=1085"}],"curies":[{"name":"wp","href":"https:\/\/api.w.org\/{rel}","templated":true}]}}