{"id":1089,"date":"2017-02-17T13:22:20","date_gmt":"2017-02-17T12:22:20","guid":{"rendered":"http:\/\/ampelosetdeviris.com\/?page_id=1089"},"modified":"2025-05-13T15:06:19","modified_gmt":"2025-05-13T13:06:19","slug":"thierry-dubois","status":"publish","type":"page","link":"https:\/\/ampelosetdeviris.com\/index.php\/les-invites\/thierry-dubois\/","title":{"rendered":"Thierry DUBOIS"},"content":{"rendered":"[vc_row][vc_column][vc_single_image image=\u00a0\u00bb1816&Prime; img_size=\u00a0\u00bbfull\u00a0\u00bb css_animation=\u00a0\u00bbfadeInUp\u00a0\u00bb][vc_column_text]\n<h4 style=\"text-align: justify;\"><span style=\"color: #a01259;\">Sciences Eco, Sciences Po, il a acquis une exp\u00e9rience du marketing et du management chez Essilor, puis comme P-DG d&rsquo;Ysoptic (filiale de Coopervision Inc. Palo Alto), DG des \u00ab\u00a0Boutiques d&rsquo;Alain Afflelou\u00a0\u00bb et Directeur International et Marketing de Len\u00f4tre.<\/span><\/h4>\n<h5 style=\"text-align: justify;\">Consultant ind\u00e9pendant depuis 1993, il s&rsquo;int\u00e9resse \u00e0 l&rsquo;\u00e9volution des cadres vers l&rsquo;autonomie et au marketing de soi. En 1997, il cr\u00e9e \u00a0\u00bb Savoir-Faire \u00ab\u00a0, une formule originale d&rsquo;accompagnement des cadres et dirigeants vers les missions, le conseil et cr\u00e9e Savoir-Faire &amp; Cie SA, soci\u00e9t\u00e9 d&rsquo;h\u00e9bergement (portage) des cadres en missions.<\/h5>\n<h5 style=\"text-align: justify;\">Il lance en 2002, Savoir-Faire &amp; Associ\u00e9s SAS, soci\u00e9t\u00e9 de conseil en \u00e9volution professionnelle et accompagnement des cadres, dirigeants et consultants.\u2028En r\u00e9ponse aux besoins de nouvelles formes d&#8217;emploi, il \u00e9largit l&rsquo;offre du groupe en 2006 en cr\u00e9ant Savoir-Faire &amp; Entreprise, d\u00e9di\u00e9e au conseil et \u00e0 la mise en place de solutions d&rsquo;externalisation de talents.<\/h5>\n[\/vc_column_text][vc_separator el_width=\u00a0\u00bb90&Prime;][\/vc_column][\/vc_row]\n","protected":false},"excerpt":{"rendered":"<p>[vc_row][vc_column][vc_single_image image=\u00a0\u00bb1816&Prime; img_size=\u00a0\u00bbfull\u00a0\u00bb css_animation=\u00a0\u00bbfadeInUp\u00a0\u00bb][vc_column_text] Sciences Eco, Sciences Po, il a acquis une exp\u00e9rience du marketing et du management&#8230; <a class=\"excerpt-read-more\" href=\"https:\/\/ampelosetdeviris.com\/index.php\/les-invites\/thierry-dubois\/\"><span>Continue Reading<\/span><\/a><\/p>\n","protected":false},"author":1,"featured_media":1816,"parent":355,"menu_order":0,"comment_status":"closed","ping_status":"closed","template":"","meta":{"footnotes":""},"class_list":["post-1089","page","type-page","status-publish","has-post-thumbnail","hentry"],"_links":{"self":[{"href":"https:\/\/ampelosetdeviris.com\/index.php\/wp-json\/wp\/v2\/pages\/1089","targetHints":{"allow":["GET"]}}],"collection":[{"href":"https:\/\/ampelosetdeviris.com\/index.php\/wp-json\/wp\/v2\/pages"}],"about":[{"href":"https:\/\/ampelosetdeviris.com\/index.php\/wp-json\/wp\/v2\/types\/page"}],"author":[{"embeddable":true,"href":"https:\/\/ampelosetdeviris.com\/index.php\/wp-json\/wp\/v2\/users\/1"}],"replies":[{"embeddable":true,"href":"https:\/\/ampelosetdeviris.com\/index.php\/wp-json\/wp\/v2\/comments?post=1089"}],"version-history":[{"count":5,"href":"https:\/\/ampelosetdeviris.com\/index.php\/wp-json\/wp\/v2\/pages\/1089\/revisions"}],"predecessor-version":[{"id":1842,"href":"https:\/\/ampelosetdeviris.com\/index.php\/wp-json\/wp\/v2\/pages\/1089\/revisions\/1842"}],"up":[{"embeddable":true,"href":"https:\/\/ampelosetdeviris.com\/index.php\/wp-json\/wp\/v2\/pages\/355"}],"wp:featuredmedia":[{"embeddable":true,"href":"https:\/\/ampelosetdeviris.com\/index.php\/wp-json\/wp\/v2\/media\/1816"}],"wp:attachment":[{"href":"https:\/\/ampelosetdeviris.com\/index.php\/wp-json\/wp\/v2\/media?parent=1089"}],"curies":[{"name":"wp","href":"https:\/\/api.w.org\/{rel}","templated":true}]}}