{"id":1091,"date":"2017-02-17T13:24:37","date_gmt":"2017-02-17T12:24:37","guid":{"rendered":"http:\/\/ampelosetdeviris.com\/?page_id=1091"},"modified":"2025-04-30T14:12:46","modified_gmt":"2025-04-30T12:12:46","slug":"jean-louis-esquivie","status":"publish","type":"page","link":"https:\/\/ampelosetdeviris.com\/index.php\/les-invites\/jean-louis-esquivie\/","title":{"rendered":"Jean-louis ESQUIVIE"},"content":{"rendered":"[vc_row][vc_column][vc_single_image image=\u00a0\u00bb1816&Prime; img_size=\u00a0\u00bbfull\u00a0\u00bb css_animation=\u00a0\u00bbfadeInUp\u00a0\u00bb][vc_column_text]\n<h4 style=\"text-align: justify;\"><span style=\"color: #a01259;\">Ancien commandant de l\u2019Escadron Lescot, \u00e0 Argentan, dans les ann\u00e9es 70, Jean-Louis ESQUIVIE est ensuite devenu Adjoint du Pr\u00e9fet Christian Prouteau. Il a ensuite occup\u00e9 le poste de n\u00b02 de la \u00ab\u00a0 cellule anti-terroriste\u00a0 \u00bb de l\u2019Elys\u00e9e et a \u00e9t\u00e9 promu g\u00e9n\u00e9ral et chevalier de l\u2019Ordre de la L\u00e9gion d\u2019Honneur par le Pr\u00e9sident Fran\u00e7ois Mitterrand.<\/span><\/h4>\n<h5 style=\"text-align: justify;\">Ayant particip\u00e9 \u00e0 la cr\u00e9ation du GIGN, il a abandonn\u00e9, apr\u00e8s Saint-Cyr, la carri\u00e8re purement militaire pour rejoindre la gendarmerie mobile puis la gendarmerie d\u00e9partementale.<\/h5>\n<h5 style=\"text-align: justify;\">Tr\u00e8s attach\u00e9 \u00e0 la Normandie, il a rejoint Caen comme officier commandant la L\u00e9gion de Gendarmerie de Basse-Normandie. Apr\u00e8s avoir re\u00e7u sa troisi\u00e8me \u00e9toile du Ministre de la d\u00e9fense, il occupa son dernier poste \u00e0 Bordeaux comme G\u00e9n\u00e9ral.<\/h5>\n<h5 style=\"text-align: justify;\">Il est Pr\u00e9sident du COLLECTIF DU DISCOURS DE BAYEUX et Pr\u00e9sident de l\u2019Acad\u00e9mie Marie Harel.<\/h5>\n<h5 style=\"text-align: justify;\">Il fut le Pr\u00e9sident-Fondateur du COMITE DU MIROIR DES AMES<\/h5>\n[\/vc_column_text][vc_separator el_width=\u00a0\u00bb90&Prime;][\/vc_column][\/vc_row]\n","protected":false},"excerpt":{"rendered":"<p>[vc_row][vc_column][vc_single_image image=\u00a0\u00bb1816&Prime; img_size=\u00a0\u00bbfull\u00a0\u00bb css_animation=\u00a0\u00bbfadeInUp\u00a0\u00bb][vc_column_text] Ancien commandant de l\u2019Escadron Lescot, \u00e0 Argentan, dans les ann\u00e9es 70, Jean-Louis ESQUIVIE est&#8230; <a class=\"excerpt-read-more\" href=\"https:\/\/ampelosetdeviris.com\/index.php\/les-invites\/jean-louis-esquivie\/\"><span>Continue Reading<\/span><\/a><\/p>\n","protected":false},"author":1,"featured_media":1816,"parent":355,"menu_order":0,"comment_status":"closed","ping_status":"closed","template":"","meta":{"footnotes":""},"class_list":["post-1091","page","type-page","status-publish","has-post-thumbnail","hentry"],"_links":{"self":[{"href":"https:\/\/ampelosetdeviris.com\/index.php\/wp-json\/wp\/v2\/pages\/1091","targetHints":{"allow":["GET"]}}],"collection":[{"href":"https:\/\/ampelosetdeviris.com\/index.php\/wp-json\/wp\/v2\/pages"}],"about":[{"href":"https:\/\/ampelosetdeviris.com\/index.php\/wp-json\/wp\/v2\/types\/page"}],"author":[{"embeddable":true,"href":"https:\/\/ampelosetdeviris.com\/index.php\/wp-json\/wp\/v2\/users\/1"}],"replies":[{"embeddable":true,"href":"https:\/\/ampelosetdeviris.com\/index.php\/wp-json\/wp\/v2\/comments?post=1091"}],"version-history":[{"count":6,"href":"https:\/\/ampelosetdeviris.com\/index.php\/wp-json\/wp\/v2\/pages\/1091\/revisions"}],"predecessor-version":[{"id":1817,"href":"https:\/\/ampelosetdeviris.com\/index.php\/wp-json\/wp\/v2\/pages\/1091\/revisions\/1817"}],"up":[{"embeddable":true,"href":"https:\/\/ampelosetdeviris.com\/index.php\/wp-json\/wp\/v2\/pages\/355"}],"wp:featuredmedia":[{"embeddable":true,"href":"https:\/\/ampelosetdeviris.com\/index.php\/wp-json\/wp\/v2\/media\/1816"}],"wp:attachment":[{"href":"https:\/\/ampelosetdeviris.com\/index.php\/wp-json\/wp\/v2\/media?parent=1091"}],"curies":[{"name":"wp","href":"https:\/\/api.w.org\/{rel}","templated":true}]}}