{"id":1093,"date":"2017-02-17T13:26:18","date_gmt":"2017-02-17T12:26:18","guid":{"rendered":"http:\/\/ampelosetdeviris.com\/?page_id=1093"},"modified":"2025-05-13T14:56:21","modified_gmt":"2025-05-13T12:56:21","slug":"franck-pavero","status":"publish","type":"page","link":"https:\/\/ampelosetdeviris.com\/index.php\/les-invites\/franck-pavero\/","title":{"rendered":"Franck PAVERO"},"content":{"rendered":"[vc_row][vc_column][vc_single_image image=\u00a0\u00bb1816&Prime; img_size=\u00a0\u00bbfull\u00a0\u00bb css_animation=\u00a0\u00bbfadeInUp\u00a0\u00bb][vc_column_text]\n<h4><span style=\"color: #a01259;\">Directeur G\u00e9n\u00e9ral de la Division Lutte contre la Cybercriminalit\u00e9 du Groupe Cristal Concept.<\/span><\/h4>\n<h5>Franck PAVERO est aussi Membre du groupe d&rsquo;\u00e9tude de la Chaire de Cyber-d\u00e9fense et Cyber-s\u00e9curit\u00e9 des Ecoles de Saint-Cyr Co\u00ebtquidan.<\/h5>\n<h5 style=\"text-align: justify;\">Les objectifs de la chaire sont de mettre en place un programme de recherche avec des partenaires publics et priv\u00e9s, civils et militaires. Il s\u2019agit de d\u00e9velopper des enseignements dans le domaine de la cyber-d\u00e9fense et de f\u00e9d\u00e9rer une communaut\u00e9 nationale et internationale atour de ces sujets.<\/h5>\n[\/vc_column_text][vc_separator el_width=\u00a0\u00bb90&Prime;][\/vc_column][\/vc_row]\n","protected":false},"excerpt":{"rendered":"<p>[vc_row][vc_column][vc_single_image image=\u00a0\u00bb1816&Prime; img_size=\u00a0\u00bbfull\u00a0\u00bb css_animation=\u00a0\u00bbfadeInUp\u00a0\u00bb][vc_column_text] Directeur G\u00e9n\u00e9ral de la Division Lutte contre la Cybercriminalit\u00e9 du Groupe Cristal Concept. Franck&#8230; <a class=\"excerpt-read-more\" href=\"https:\/\/ampelosetdeviris.com\/index.php\/les-invites\/franck-pavero\/\"><span>Continue Reading<\/span><\/a><\/p>\n","protected":false},"author":1,"featured_media":1816,"parent":355,"menu_order":0,"comment_status":"closed","ping_status":"closed","template":"","meta":{"footnotes":""},"class_list":["post-1093","page","type-page","status-publish","has-post-thumbnail","hentry"],"_links":{"self":[{"href":"https:\/\/ampelosetdeviris.com\/index.php\/wp-json\/wp\/v2\/pages\/1093","targetHints":{"allow":["GET"]}}],"collection":[{"href":"https:\/\/ampelosetdeviris.com\/index.php\/wp-json\/wp\/v2\/pages"}],"about":[{"href":"https:\/\/ampelosetdeviris.com\/index.php\/wp-json\/wp\/v2\/types\/page"}],"author":[{"embeddable":true,"href":"https:\/\/ampelosetdeviris.com\/index.php\/wp-json\/wp\/v2\/users\/1"}],"replies":[{"embeddable":true,"href":"https:\/\/ampelosetdeviris.com\/index.php\/wp-json\/wp\/v2\/comments?post=1093"}],"version-history":[{"count":5,"href":"https:\/\/ampelosetdeviris.com\/index.php\/wp-json\/wp\/v2\/pages\/1093\/revisions"}],"predecessor-version":[{"id":1829,"href":"https:\/\/ampelosetdeviris.com\/index.php\/wp-json\/wp\/v2\/pages\/1093\/revisions\/1829"}],"up":[{"embeddable":true,"href":"https:\/\/ampelosetdeviris.com\/index.php\/wp-json\/wp\/v2\/pages\/355"}],"wp:featuredmedia":[{"embeddable":true,"href":"https:\/\/ampelosetdeviris.com\/index.php\/wp-json\/wp\/v2\/media\/1816"}],"wp:attachment":[{"href":"https:\/\/ampelosetdeviris.com\/index.php\/wp-json\/wp\/v2\/media?parent=1093"}],"curies":[{"name":"wp","href":"https:\/\/api.w.org\/{rel}","templated":true}]}}