{"id":1112,"date":"2017-02-20T14:35:03","date_gmt":"2017-02-20T13:35:03","guid":{"rendered":"http:\/\/ampelosetdeviris.com\/?page_id=1112"},"modified":"2025-05-13T15:07:29","modified_gmt":"2025-05-13T13:07:29","slug":"nicolas-floquet","status":"publish","type":"page","link":"https:\/\/ampelosetdeviris.com\/index.php\/les-invites\/nicolas-floquet\/","title":{"rendered":"Nicolas FLOQUET"},"content":{"rendered":"[vc_row][vc_column][vc_single_image image=\u00a0\u00bb1816&Prime; img_size=\u00a0\u00bbfull\u00a0\u00bb css_animation=\u00a0\u00bbfadeInUp\u00a0\u00bb][vc_column_text]\n<h4><span style=\"color: #a01259;\">Pr\u00e9sident de Stanwell Consulting.<\/span><\/h4>\n<h5 style=\"text-align: justify;\">Apr\u00e8s une dizaine d\u2019ann\u00e9es (1987-1996) au sein du cabinet Andersen Consulting (aujourd\u2019hui Accenture), comme senior manager sp\u00e9cialis\u00e9 dans le secteur Banque et March\u00e9s financiers, Nicolas Floquet rejoint le cabinet Coopers &amp; Lybrand puis PriceWaterhouseCoopers en tant qu\u2019Associ\u00e9.<\/h5>\n<h5 style=\"text-align: justify;\">Il participe \u00e0 la constitution et au d\u00e9veloppement de la practice Services Financiers du cabinet, au travers notamment de la r\u00e9alisation de grands projets de transformation (Sch\u00e9mas directeurs, Industrialisation de processus, Programme de banque multi-canal).\u2028En 2002, dans le cadre du rachat par IBM des activit\u00e9s de conseil de PWC, il rejoint IBM Business Consulting Services en tant que Partner au sein des activit\u00e9s de conseil et d\u2019int\u00e9gration de syst\u00e8me pour la banque et l\u2019assurance.<\/h5>\n<h5 style=\"text-align: justify;\">En 2006, Nicolas Floquet s\u2019associe \u00e0 Arnaud Caspar pour fonder le cabinet Stanwell. Il en est aujourd\u2019hui le Pr\u00e9sident.\u2028Nicolas Floquet, est dipl\u00f4m\u00e9 de l\u2019Ecole Centrale de Lille.<\/h5>\n<h5 style=\"text-align: justify;\"><strong>Th\u00e8me : De la r\u00e9ussite entrepreneuriale au service de la cr\u00e9ation et de la r\u00e9alisation de projets. Un engagement volontaire.<\/strong><\/h5>\n[\/vc_column_text][vc_separator el_width=\u00a0\u00bb90&Prime;][\/vc_column][\/vc_row]\n","protected":false},"excerpt":{"rendered":"<p>[vc_row][vc_column][vc_single_image image=\u00a0\u00bb1816&Prime; img_size=\u00a0\u00bbfull\u00a0\u00bb css_animation=\u00a0\u00bbfadeInUp\u00a0\u00bb][vc_column_text] Pr\u00e9sident de Stanwell Consulting. Apr\u00e8s une dizaine d\u2019ann\u00e9es (1987-1996) au sein du cabinet Andersen&#8230; <a class=\"excerpt-read-more\" href=\"https:\/\/ampelosetdeviris.com\/index.php\/les-invites\/nicolas-floquet\/\"><span>Continue Reading<\/span><\/a><\/p>\n","protected":false},"author":1,"featured_media":1816,"parent":355,"menu_order":0,"comment_status":"closed","ping_status":"closed","template":"","meta":{"footnotes":""},"class_list":["post-1112","page","type-page","status-publish","has-post-thumbnail","hentry"],"_links":{"self":[{"href":"https:\/\/ampelosetdeviris.com\/index.php\/wp-json\/wp\/v2\/pages\/1112","targetHints":{"allow":["GET"]}}],"collection":[{"href":"https:\/\/ampelosetdeviris.com\/index.php\/wp-json\/wp\/v2\/pages"}],"about":[{"href":"https:\/\/ampelosetdeviris.com\/index.php\/wp-json\/wp\/v2\/types\/page"}],"author":[{"embeddable":true,"href":"https:\/\/ampelosetdeviris.com\/index.php\/wp-json\/wp\/v2\/users\/1"}],"replies":[{"embeddable":true,"href":"https:\/\/ampelosetdeviris.com\/index.php\/wp-json\/wp\/v2\/comments?post=1112"}],"version-history":[{"count":5,"href":"https:\/\/ampelosetdeviris.com\/index.php\/wp-json\/wp\/v2\/pages\/1112\/revisions"}],"predecessor-version":[{"id":1844,"href":"https:\/\/ampelosetdeviris.com\/index.php\/wp-json\/wp\/v2\/pages\/1112\/revisions\/1844"}],"up":[{"embeddable":true,"href":"https:\/\/ampelosetdeviris.com\/index.php\/wp-json\/wp\/v2\/pages\/355"}],"wp:featuredmedia":[{"embeddable":true,"href":"https:\/\/ampelosetdeviris.com\/index.php\/wp-json\/wp\/v2\/media\/1816"}],"wp:attachment":[{"href":"https:\/\/ampelosetdeviris.com\/index.php\/wp-json\/wp\/v2\/media?parent=1112"}],"curies":[{"name":"wp","href":"https:\/\/api.w.org\/{rel}","templated":true}]}}