{"id":1114,"date":"2017-02-20T14:37:03","date_gmt":"2017-02-20T13:37:03","guid":{"rendered":"http:\/\/ampelosetdeviris.com\/?page_id=1114"},"modified":"2025-05-13T14:58:47","modified_gmt":"2025-05-13T12:58:47","slug":"francois-eyssette","status":"publish","type":"page","link":"https:\/\/ampelosetdeviris.com\/index.php\/les-invites\/francois-eyssette\/","title":{"rendered":"Fran\u00e7ois EYSSETTE"},"content":{"rendered":"[vc_row][vc_column][vc_single_image image=\u00a0\u00bb1816&Prime; img_size=\u00a0\u00bbfull\u00a0\u00bb css_animation=\u00a0\u00bbfadeInUp\u00a0\u00bb][vc_column_text]\n<h4><span style=\"color: #a01259;\">Directeur du nouvel Executive Master Ressources Humaines de Sciences Po.<\/span><\/h4>\n<h5 style=\"text-align: justify;\">Aujourd&rsquo;hui conseiller de dirigeants Fran\u00e7ois Eyssette a \u00e9t\u00e9 Directeur des Ressources Humaines du groupe Bic pendant 15 ans apr\u00e8s avoir exerc\u00e9 des fonctions similaires dans de grands groupes internationaux.<\/h5>\n<h5 style=\"text-align: justify;\">Il est le co-auteur, avec Charles-Henri Besseyre des Horts, professeur associ\u00e9 \u00e0 HEC, de Comment la DRH fait sa r\u00e9volution (Collection La nouvelle soci\u00e9t\u00e9 de l&#8217;emploi de la Fondation ManpowerGroup, \u00c9ditions Eyrolles).<\/h5>\n<h5><strong>Th\u00e8me : La digitalisation de l&rsquo;entreprise, ce n&rsquo;est pas que pour les informaticiens.<\/strong><\/h5>\n[\/vc_column_text][vc_separator el_width=\u00a0\u00bb90&Prime;][\/vc_column][\/vc_row]\n","protected":false},"excerpt":{"rendered":"<p>[vc_row][vc_column][vc_single_image image=\u00a0\u00bb1816&Prime; img_size=\u00a0\u00bbfull\u00a0\u00bb css_animation=\u00a0\u00bbfadeInUp\u00a0\u00bb][vc_column_text] Directeur du nouvel Executive Master Ressources Humaines de Sciences Po. Aujourd&rsquo;hui conseiller de dirigeants&#8230; <a class=\"excerpt-read-more\" href=\"https:\/\/ampelosetdeviris.com\/index.php\/les-invites\/francois-eyssette\/\"><span>Continue Reading<\/span><\/a><\/p>\n","protected":false},"author":1,"featured_media":1816,"parent":355,"menu_order":0,"comment_status":"closed","ping_status":"closed","template":"","meta":{"footnotes":""},"class_list":["post-1114","page","type-page","status-publish","has-post-thumbnail","hentry"],"_links":{"self":[{"href":"https:\/\/ampelosetdeviris.com\/index.php\/wp-json\/wp\/v2\/pages\/1114","targetHints":{"allow":["GET"]}}],"collection":[{"href":"https:\/\/ampelosetdeviris.com\/index.php\/wp-json\/wp\/v2\/pages"}],"about":[{"href":"https:\/\/ampelosetdeviris.com\/index.php\/wp-json\/wp\/v2\/types\/page"}],"author":[{"embeddable":true,"href":"https:\/\/ampelosetdeviris.com\/index.php\/wp-json\/wp\/v2\/users\/1"}],"replies":[{"embeddable":true,"href":"https:\/\/ampelosetdeviris.com\/index.php\/wp-json\/wp\/v2\/comments?post=1114"}],"version-history":[{"count":6,"href":"https:\/\/ampelosetdeviris.com\/index.php\/wp-json\/wp\/v2\/pages\/1114\/revisions"}],"predecessor-version":[{"id":1831,"href":"https:\/\/ampelosetdeviris.com\/index.php\/wp-json\/wp\/v2\/pages\/1114\/revisions\/1831"}],"up":[{"embeddable":true,"href":"https:\/\/ampelosetdeviris.com\/index.php\/wp-json\/wp\/v2\/pages\/355"}],"wp:featuredmedia":[{"embeddable":true,"href":"https:\/\/ampelosetdeviris.com\/index.php\/wp-json\/wp\/v2\/media\/1816"}],"wp:attachment":[{"href":"https:\/\/ampelosetdeviris.com\/index.php\/wp-json\/wp\/v2\/media?parent=1114"}],"curies":[{"name":"wp","href":"https:\/\/api.w.org\/{rel}","templated":true}]}}