{"id":1408,"date":"2017-05-10T12:41:40","date_gmt":"2017-05-10T10:41:40","guid":{"rendered":"http:\/\/ampelosetdeviris.com\/?page_id=1408"},"modified":"2025-05-13T14:43:02","modified_gmt":"2025-05-13T12:43:02","slug":"alain-pompidou","status":"publish","type":"page","link":"https:\/\/ampelosetdeviris.com\/index.php\/les-invites\/alain-pompidou\/","title":{"rendered":"Alain POMPIDOU"},"content":{"rendered":"[vc_row][vc_column][vc_single_image image=\u00a0\u00bb1816&Prime; img_size=\u00a0\u00bbfull\u00a0\u00bb][vc_column_text]\n<h4><span style=\"color: #a01259;\">Alain Pompidou est n\u00e9 le 5 avril 1942 \u00e0 Paris. Fils adoptif de Georges et Claude Pompidou, il se lance dans des \u00e9tudes scientifiques. Il d\u00e9bute son parcours au sein de la facult\u00e9 de m\u00e9decine de Paris, devient docteur en histologie en 1971 puis effectue ses ann\u00e9es de recherches aux Etats-Unis.<\/span><\/h4>\n<h5 style=\"text-align: justify;\">Il devient docteur d\u2019Etat en biologie en 1985. A ce titre, il est r\u00e9guli\u00e8rement en lien direct les minist\u00e8res de la sant\u00e9, de la recherche ou encore de l\u2019enseignement sup\u00e9rieur. Il est \u00e9galement investi en tant que membre de comit\u00e9s consultatifs et scientifiques de diverses organisations nationales ou internationales (OMS, UNESCO, la commission europ\u00e9enne, etc.).<br \/>\nAlain Pompidou est l\u2019auteur ou co-auteur de plus de 150 publications scientifiques dans le domaine de la biologie humaine et l\u2019\u00e9thique.<br \/>\nIl est l\u2019auteur de \u00ab Souviens-toi de l\u2019Homme : l\u2019\u00e9thique, la vie, la mort\u00bb. Il y d\u00e9fend le principe suivant : dans la ma\u00eetrise de la vie, de nouveaux pouvoirs sont fond\u00e9s sur le savoir. Ces progr\u00e8s conduisent \u00e0 se r\u00e9f\u00e9rer \u00e0 des r\u00e8gles \u00e9thiques ax\u00e9es sur le respect de notre personne.<br \/>\nCompte tenu de son nom et de toute l\u2019histoire qui y est attach\u00e9e, il est \u00e9galement auteur de deux ouvrages qui nous font rentrer dans l\u2019intimit\u00e9 de sa famille et de l\u2019ancien Pr\u00e9sident de la R\u00e9publique.<br \/>\nLe premier, Georges Pompidou \u2013 Lettres, notes et portraits, offre un t\u00e9moignage intimiste sur la fa\u00e7on dont s\u2019est construite sa personnalit\u00e9, puis son extraordinaire parcours jusqu\u2019au sommet de l\u2019Etat.<br \/>\nLe second, Claude : c\u2019\u00e9tait ma m\u00e8re, est un t\u00e9moignage exceptionnel sur la personnalit\u00e9 de cette premi\u00e8re dame de France, son histoire, les d\u00e9tails et les secrets historiques de son parcours.<br \/>\nIl nous pr\u00e9sentera ce livre remplis d\u2019anecdotes et de faits inconnus lors du d\u00eener.<\/h5>\n[\/vc_column_text][\/vc_column][\/vc_row]\n","protected":false},"excerpt":{"rendered":"<p>[vc_row][vc_column][vc_single_image image=\u00a0\u00bb1816&Prime; img_size=\u00a0\u00bbfull\u00a0\u00bb][vc_column_text] Alain Pompidou est n\u00e9 le 5 avril 1942 \u00e0 Paris. Fils adoptif de Georges et&#8230; <a class=\"excerpt-read-more\" href=\"https:\/\/ampelosetdeviris.com\/index.php\/les-invites\/alain-pompidou\/\"><span>Continue Reading<\/span><\/a><\/p>\n","protected":false},"author":1,"featured_media":1816,"parent":355,"menu_order":0,"comment_status":"closed","ping_status":"closed","template":"","meta":{"footnotes":""},"class_list":["post-1408","page","type-page","status-publish","has-post-thumbnail","hentry"],"_links":{"self":[{"href":"https:\/\/ampelosetdeviris.com\/index.php\/wp-json\/wp\/v2\/pages\/1408","targetHints":{"allow":["GET"]}}],"collection":[{"href":"https:\/\/ampelosetdeviris.com\/index.php\/wp-json\/wp\/v2\/pages"}],"about":[{"href":"https:\/\/ampelosetdeviris.com\/index.php\/wp-json\/wp\/v2\/types\/page"}],"author":[{"embeddable":true,"href":"https:\/\/ampelosetdeviris.com\/index.php\/wp-json\/wp\/v2\/users\/1"}],"replies":[{"embeddable":true,"href":"https:\/\/ampelosetdeviris.com\/index.php\/wp-json\/wp\/v2\/comments?post=1408"}],"version-history":[{"count":4,"href":"https:\/\/ampelosetdeviris.com\/index.php\/wp-json\/wp\/v2\/pages\/1408\/revisions"}],"predecessor-version":[{"id":1821,"href":"https:\/\/ampelosetdeviris.com\/index.php\/wp-json\/wp\/v2\/pages\/1408\/revisions\/1821"}],"up":[{"embeddable":true,"href":"https:\/\/ampelosetdeviris.com\/index.php\/wp-json\/wp\/v2\/pages\/355"}],"wp:featuredmedia":[{"embeddable":true,"href":"https:\/\/ampelosetdeviris.com\/index.php\/wp-json\/wp\/v2\/media\/1816"}],"wp:attachment":[{"href":"https:\/\/ampelosetdeviris.com\/index.php\/wp-json\/wp\/v2\/media?parent=1408"}],"curies":[{"name":"wp","href":"https:\/\/api.w.org\/{rel}","templated":true}]}}