{"id":1702,"date":"2019-03-05T17:19:52","date_gmt":"2019-03-05T16:19:52","guid":{"rendered":"http:\/\/ampelosetdeviris.com\/?page_id=1702"},"modified":"2019-03-06T11:31:36","modified_gmt":"2019-03-06T10:31:36","slug":"calendrier-des-diners","status":"publish","type":"page","link":"https:\/\/ampelosetdeviris.com\/index.php\/calendrier-des-diners\/","title":{"rendered":"Calendrier des d\u00eeners"},"content":{"rendered":"[vc_row content_placement=\u00a0\u00bbmiddle\u00a0\u00bb css=\u00a0\u00bb.vc_custom_1551868272899{margin-right: -300px !important;margin-left: -300px !important;padding-right: 300px !important;padding-left: 300px !important;background-image: url(http:\/\/ampelosetdeviris.com\/wp-content\/uploads\/2017\/02\/fond.jpg?id=917) !important;}\u00a0\u00bb][vc_column]<div class=\"title-center\"><div class=\"dt-title-wrapper section-title-big\"><h2 class=\"section-title\">D\u00eeners 2019<\/h2><span class=\"section-line\"><\/span><\/div><\/div>[vc_column_text]\n<h4 style=\"text-align: center;\">Jeudi 11 avril, Paris<\/h4>\n[\/vc_column_text][vc_separator el_width=\u00a0\u00bb60&Prime;][vc_column_text]\n<h4 style=\"text-align: center;\">Jeudi 4 juillet, Paris<\/h4>\n[\/vc_column_text][vc_separator el_width=\u00a0\u00bb60&Prime;][vc_column_text]\n<h4 style=\"text-align: center;\">Jeudi 14 novembre, Paris<\/h4>\n[\/vc_column_text][vc_separator el_width=\u00a0\u00bb60&Prime;][vc_column_text]\n<h4 style=\"text-align: center;\">Vendredi 6 d\u00e9cembre, Lyon, dans le cadre de la f\u00eate des lumi\u00e8res<\/h4>\n[\/vc_column_text][vc_separator el_width=\u00a0\u00bb60&Prime;][\/vc_column][\/vc_row]\n","protected":false},"excerpt":{"rendered":"<p>[vc_row content_placement=\u00a0\u00bbmiddle\u00a0\u00bb css=\u00a0\u00bb.vc_custom_1551868272899{margin-right: -300px !important;margin-left: -300px !important;padding-right: 300px !important;padding-left: 300px !important;background-image: url(http:\/\/ampelosetdeviris.com\/wp-content\/uploads\/2017\/02\/fond.jpg?id=917) !important;}\u00a0\u00bb][vc_column][vc_column_text] Jeudi 11 avril, Paris [\/vc_column_text][vc_separator&#8230; <a class=\"excerpt-read-more\" href=\"https:\/\/ampelosetdeviris.com\/index.php\/calendrier-des-diners\/\"><span>Continue Reading<\/span><\/a><\/p>\n","protected":false},"author":1,"featured_media":1704,"parent":0,"menu_order":0,"comment_status":"closed","ping_status":"closed","template":"","meta":{"footnotes":""},"class_list":["post-1702","page","type-page","status-publish","has-post-thumbnail","hentry"],"_links":{"self":[{"href":"https:\/\/ampelosetdeviris.com\/index.php\/wp-json\/wp\/v2\/pages\/1702","targetHints":{"allow":["GET"]}}],"collection":[{"href":"https:\/\/ampelosetdeviris.com\/index.php\/wp-json\/wp\/v2\/pages"}],"about":[{"href":"https:\/\/ampelosetdeviris.com\/index.php\/wp-json\/wp\/v2\/types\/page"}],"author":[{"embeddable":true,"href":"https:\/\/ampelosetdeviris.com\/index.php\/wp-json\/wp\/v2\/users\/1"}],"replies":[{"embeddable":true,"href":"https:\/\/ampelosetdeviris.com\/index.php\/wp-json\/wp\/v2\/comments?post=1702"}],"version-history":[{"count":9,"href":"https:\/\/ampelosetdeviris.com\/index.php\/wp-json\/wp\/v2\/pages\/1702\/revisions"}],"predecessor-version":[{"id":1725,"href":"https:\/\/ampelosetdeviris.com\/index.php\/wp-json\/wp\/v2\/pages\/1702\/revisions\/1725"}],"wp:featuredmedia":[{"embeddable":true,"href":"https:\/\/ampelosetdeviris.com\/index.php\/wp-json\/wp\/v2\/media\/1704"}],"wp:attachment":[{"href":"https:\/\/ampelosetdeviris.com\/index.php\/wp-json\/wp\/v2\/media?parent=1702"}],"curies":[{"name":"wp","href":"https:\/\/api.w.org\/{rel}","templated":true}]}}