{"id":1766,"date":"2020-05-19T16:20:07","date_gmt":"2020-05-19T14:20:07","guid":{"rendered":"http:\/\/ampelosetdeviris.com\/?page_id=1766"},"modified":"2025-05-13T15:06:55","modified_gmt":"2025-05-13T13:06:55","slug":"olivier-duhamel","status":"publish","type":"page","link":"https:\/\/ampelosetdeviris.com\/index.php\/les-invites\/olivier-duhamel\/","title":{"rendered":"Olivier DUHAMEL"},"content":{"rendered":"[vc_row][vc_column][vc_single_image image=\u00a0\u00bb1816&Prime; img_size=\u00a0\u00bbfull\u00a0\u00bb][vc_column_text]\n<h4><span style=\"color: #993366;\">Constitutionnaliste et politologue fran\u00e7ais.<\/span><\/h4>\n<h5>Agr\u00e9g\u00e9 de droit public, professeur \u00e9m\u00e9rite des universit\u00e9s \u00e0 Sciences Po, Il est sp\u00e9cialiste du droit constitutionnel, de la Cinqui\u00e8me R\u00e9publique et de la gauche fran\u00e7aise. Il a \u00e9t\u00e9 professeur \u00e0 l\u2019universit\u00e9 de Besan\u00e7on, \u00e0 l\u2019universit\u00e9 Paris-Nanterre, \u00e0 l\u2019universit\u00e9 Panth\u00e9on-Sorbonne, \u00e0 l&rsquo;Institut d&rsquo;\u00e9tudes politiques de Paris jusqu&rsquo;\u00e0 fin 2010. Il est pr\u00e9sident de la Fondation nationale des sciences politiques depuis 2016.<br \/>\nIl a occup\u00e9 de nombreuses fonctions publiques et politiques, notamment comme conseiller du pr\u00e9sident du Conseil constitutionnel (1983-1995), membre des comit\u00e9s sur la r\u00e9vision de la Constitution pr\u00e9sid\u00e9s par Georges Vedel (1993) et \u00c9douard Balladur (2007), d\u00e9put\u00e9 europ\u00e9en socialiste entre 1997 et 2004.<br \/>\nAuteur de plusieurs documentaires pour la t\u00e9l\u00e9vision, il intervient fr\u00e9quemment dans les m\u00e9dias, en particulier comme \u00e9ditorialiste sur Europe 1. Il est \u00e9diteur au Seuil et chez Dalloz.<\/h5>\n[\/vc_column_text][\/vc_column][\/vc_row]\n","protected":false},"excerpt":{"rendered":"<p>[vc_row][vc_column][vc_single_image image=\u00a0\u00bb1816&Prime; img_size=\u00a0\u00bbfull\u00a0\u00bb][vc_column_text] Constitutionnaliste et politologue fran\u00e7ais. Agr\u00e9g\u00e9 de droit public, professeur \u00e9m\u00e9rite des universit\u00e9s \u00e0 Sciences Po,&#8230; <a class=\"excerpt-read-more\" href=\"https:\/\/ampelosetdeviris.com\/index.php\/les-invites\/olivier-duhamel\/\"><span>Continue Reading<\/span><\/a><\/p>\n","protected":false},"author":1,"featured_media":1816,"parent":355,"menu_order":0,"comment_status":"closed","ping_status":"closed","template":"","meta":{"footnotes":""},"class_list":["post-1766","page","type-page","status-publish","has-post-thumbnail","hentry"],"_links":{"self":[{"href":"https:\/\/ampelosetdeviris.com\/index.php\/wp-json\/wp\/v2\/pages\/1766","targetHints":{"allow":["GET"]}}],"collection":[{"href":"https:\/\/ampelosetdeviris.com\/index.php\/wp-json\/wp\/v2\/pages"}],"about":[{"href":"https:\/\/ampelosetdeviris.com\/index.php\/wp-json\/wp\/v2\/types\/page"}],"author":[{"embeddable":true,"href":"https:\/\/ampelosetdeviris.com\/index.php\/wp-json\/wp\/v2\/users\/1"}],"replies":[{"embeddable":true,"href":"https:\/\/ampelosetdeviris.com\/index.php\/wp-json\/wp\/v2\/comments?post=1766"}],"version-history":[{"count":2,"href":"https:\/\/ampelosetdeviris.com\/index.php\/wp-json\/wp\/v2\/pages\/1766\/revisions"}],"predecessor-version":[{"id":1843,"href":"https:\/\/ampelosetdeviris.com\/index.php\/wp-json\/wp\/v2\/pages\/1766\/revisions\/1843"}],"up":[{"embeddable":true,"href":"https:\/\/ampelosetdeviris.com\/index.php\/wp-json\/wp\/v2\/pages\/355"}],"wp:featuredmedia":[{"embeddable":true,"href":"https:\/\/ampelosetdeviris.com\/index.php\/wp-json\/wp\/v2\/media\/1816"}],"wp:attachment":[{"href":"https:\/\/ampelosetdeviris.com\/index.php\/wp-json\/wp\/v2\/media?parent=1766"}],"curies":[{"name":"wp","href":"https:\/\/api.w.org\/{rel}","templated":true}]}}