{"id":1774,"date":"2020-05-19T16:36:29","date_gmt":"2020-05-19T14:36:29","guid":{"rendered":"http:\/\/ampelosetdeviris.com\/?page_id=1774"},"modified":"2025-05-13T14:59:36","modified_gmt":"2025-05-13T12:59:36","slug":"gerard-larcher","status":"publish","type":"page","link":"https:\/\/ampelosetdeviris.com\/index.php\/les-invites\/gerard-larcher\/","title":{"rendered":"G\u00e9rard LARCHER"},"content":{"rendered":"[vc_row][vc_column][vc_single_image image=\u00a0\u00bb1816&Prime; img_size=\u00a0\u00bbfull\u00a0\u00bb][vc_column_text]\n<h4><span style=\"color: #993366;\">Homme d&rsquo;\u00c9tat fran\u00e7ais. Membre du RPR, de l&rsquo;UMP puis de LR, il est pr\u00e9sident du S\u00e9nat de 2008 \u00e0 2011 et depuis 2014<\/span><\/h4>\n<h5>\u00c9lu maire de Rambouillet en 1983 et s\u00e9nateur des Yvelines en 1986, il est vice-pr\u00e9sident du S\u00e9nat de 1997 \u00e0 2001 et pr\u00e9sident de la commission des Affaires \u00e9conomiques de 2001 \u00e0 2004. Dans les gouvernements Raffarin et Villepin, entre 2004 et 2007, il est ministre d\u00e9l\u00e9gu\u00e9 au Travail.<br \/>\nEn 2008, apr\u00e8s avoir d\u00e9fait l\u2019ancien Premier ministre Jean-Pierre Raffarin \u00e0 l&rsquo;issue d&rsquo;une primaire \u00e0 droite, il est \u00e9lu \u00e0 la pr\u00e9sidence du S\u00e9nat. Battu \u00e0 la suite de la victoire de la gauche aux \u00e9lections s\u00e9natoriales de 2011, il retrouve la pr\u00e9sidence de la haute assembl\u00e9e en 2014 et se voit r\u00e9\u00e9lu en 2017.<\/h5>\n[\/vc_column_text][\/vc_column][\/vc_row]\n","protected":false},"excerpt":{"rendered":"<p>[vc_row][vc_column][vc_single_image image=\u00a0\u00bb1816&Prime; img_size=\u00a0\u00bbfull\u00a0\u00bb][vc_column_text] Homme d&rsquo;\u00c9tat fran\u00e7ais. Membre du RPR, de l&rsquo;UMP puis de LR, il est pr\u00e9sident du&#8230; <a class=\"excerpt-read-more\" href=\"https:\/\/ampelosetdeviris.com\/index.php\/les-invites\/gerard-larcher\/\"><span>Continue Reading<\/span><\/a><\/p>\n","protected":false},"author":1,"featured_media":1816,"parent":355,"menu_order":0,"comment_status":"closed","ping_status":"closed","template":"","meta":{"footnotes":""},"class_list":["post-1774","page","type-page","status-publish","has-post-thumbnail","hentry"],"_links":{"self":[{"href":"https:\/\/ampelosetdeviris.com\/index.php\/wp-json\/wp\/v2\/pages\/1774","targetHints":{"allow":["GET"]}}],"collection":[{"href":"https:\/\/ampelosetdeviris.com\/index.php\/wp-json\/wp\/v2\/pages"}],"about":[{"href":"https:\/\/ampelosetdeviris.com\/index.php\/wp-json\/wp\/v2\/types\/page"}],"author":[{"embeddable":true,"href":"https:\/\/ampelosetdeviris.com\/index.php\/wp-json\/wp\/v2\/users\/1"}],"replies":[{"embeddable":true,"href":"https:\/\/ampelosetdeviris.com\/index.php\/wp-json\/wp\/v2\/comments?post=1774"}],"version-history":[{"count":2,"href":"https:\/\/ampelosetdeviris.com\/index.php\/wp-json\/wp\/v2\/pages\/1774\/revisions"}],"predecessor-version":[{"id":1832,"href":"https:\/\/ampelosetdeviris.com\/index.php\/wp-json\/wp\/v2\/pages\/1774\/revisions\/1832"}],"up":[{"embeddable":true,"href":"https:\/\/ampelosetdeviris.com\/index.php\/wp-json\/wp\/v2\/pages\/355"}],"wp:featuredmedia":[{"embeddable":true,"href":"https:\/\/ampelosetdeviris.com\/index.php\/wp-json\/wp\/v2\/media\/1816"}],"wp:attachment":[{"href":"https:\/\/ampelosetdeviris.com\/index.php\/wp-json\/wp\/v2\/media?parent=1774"}],"curies":[{"name":"wp","href":"https:\/\/api.w.org\/{rel}","templated":true}]}}