{"id":820,"date":"2017-02-07T15:16:28","date_gmt":"2017-02-07T14:16:28","guid":{"rendered":"http:\/\/ampelosetdeviris.com\/?page_id=820"},"modified":"2019-02-22T13:32:52","modified_gmt":"2019-02-22T12:32:52","slug":"les-evenements","status":"publish","type":"page","link":"https:\/\/ampelosetdeviris.com\/index.php\/les-evenements\/","title":{"rendered":"Les \u00c9v\u00e9nements"},"content":{"rendered":"[vc_row][vc_column][vc_column_text]\n<h4 style=\"text-align: justify;\"><span style=\"color: #993366;\"><em><strong><img loading=\"lazy\" decoding=\"async\" class=\"size-full wp-image-1693 alignnone\" src=\"http:\/\/ampelosetdeviris.com\/wp-content\/uploads\/2019\/02\/we_voilier.jpg\" alt=\"\" width=\"524\" height=\"258\" srcset=\"https:\/\/ampelosetdeviris.com\/wp-content\/uploads\/2019\/02\/we_voilier.jpg 524w, https:\/\/ampelosetdeviris.com\/wp-content\/uploads\/2019\/02\/we_voilier-300x148.jpg 300w\" sizes=\"auto, (max-width: 524px) 100vw, 524px\" \/><\/strong><\/em><\/span><\/h4>\n<h4 style=\"text-align: justify;\"><span style=\"color: #993366;\"><em><strong>Week-end en voilier<\/strong><\/em><\/span><\/h4>\n<h5>En juin 2019, certains membres du club se r\u00e9uniront pour une r\u00e9gate au d\u00e9part de la Trinit\u00e9-sur-Mer.<br \/>Pendant 3 jours, les voiliers caboteront autour de Belle Ile et\/ou du Golf du Morbihan. Les nuits seront pass\u00e9es \u00e0 bord des voiliers.<\/h5>\n[\/vc_column_text][vc_separator el_width=\u00a0\u00bb60&Prime;][vc_column_text]\n<p><span style=\"color: #993366;\"><em><strong><img loading=\"lazy\" decoding=\"async\" class=\"wp-image-211 alignnone\" src=\"http:\/\/ampelosetdeviris.com\/wp-content\/uploads\/2016\/11\/hospices-beaune.jpg\" alt=\"hospices-beaune\" width=\"524\" height=\"258\" \/><\/strong><\/em><\/span><\/p>\n<h4 style=\"text-align: justify;\"><span style=\"color: #993366;\"><em><strong>La vente des Hos<\/strong><\/em><\/span><span style=\"color: #993366;\"><em><strong>pices de Beaune<\/strong><\/em><\/span><\/h4>\n<h5 style=\"text-align: justify;\">La vente des Hospices de Beaune \u00e0 laquelle le Club Ampelos et de Viris a particip\u00e9 en 2012 fait partie des \u00e9v\u00e9nements pour lequel les membres du Club se sont investi. Pour rappel, l&rsquo;histoire des Hospices Civils de Beaune a commenc\u00e9 en 1443 par la volont\u00e9 de Nicolas Rolin et Guigone de Salins de construire un h\u00f4pital : l&rsquo;H\u00f4tel-Dieu. Les fondateurs ont fait oeuvre de charit\u00e9 et acte de m\u00e9c\u00e9nat, instituant ainsi une tradition qui a permis aux Hospices de Beaune de traverser l&rsquo;histoire dans des conditions exceptionnelles. L&rsquo;originalit\u00e9 de cette institution hospitali\u00e8re se situe dans l&rsquo;importance et la nature de son patrimoine constitu\u00e9 d&rsquo;une part d&rsquo;un monument historique, l&rsquo;H\u00f4tel-Dieu du 15\u00e8me si\u00e8cle, qui n&rsquo;accueille plus de patients ni de r\u00e9sidents \u00e2g\u00e9s depuis le d\u00e9but des ann\u00e9es 1980 ; d&rsquo;autre part d&rsquo;un prestigieux domaine vinicole de 60 hectares des meilleures appellations de Bourgogne. Toutes ces vignes proviennent de legs et de donations, et leur production est commercialis\u00e9e chaque ann\u00e9e aux ench\u00e8res le 3\u00e8me dimanche de novembre, dans le cadre de la vente de charit\u00e9 la plus c\u00e9l\u00e8bre du monde. Ainsi par son patrimoine, cette institution hospitali\u00e8re joue un r\u00f4le de premier plan dans les deux activit\u00e9s majeures de Beaune et sa r\u00e9gion : le tourisme et le vin. En 2012, ann\u00e9e exceptionnelle pour le vin en Bourgogne, le Club \u00e0 pu acheter une pi\u00e8ce (f\u00fbt de 228 litres), l&rsquo;\u00e9lever, la faire mettre en bouteille puis la partager avec ses membres. Une d\u00e9gustation commune sera pr\u00e9vue quand le vin aura atteint son apog\u00e9e !<\/h5>\n[\/vc_column_text][\/vc_column][\/vc_row][vc_row][vc_column][\/vc_column][\/vc_row]\n","protected":false},"excerpt":{"rendered":"<p>[vc_row][vc_column][vc_column_text] Week-end en voilier En juin 2019, certains membres du club se r\u00e9uniront pour une r\u00e9gate au d\u00e9part&#8230; <a class=\"excerpt-read-more\" href=\"https:\/\/ampelosetdeviris.com\/index.php\/les-evenements\/\"><span>Continue Reading<\/span><\/a><\/p>\n","protected":false},"author":1,"featured_media":0,"parent":0,"menu_order":0,"comment_status":"closed","ping_status":"closed","template":"","meta":{"footnotes":""},"class_list":["post-820","page","type-page","status-publish","hentry"],"_links":{"self":[{"href":"https:\/\/ampelosetdeviris.com\/index.php\/wp-json\/wp\/v2\/pages\/820","targetHints":{"allow":["GET"]}}],"collection":[{"href":"https:\/\/ampelosetdeviris.com\/index.php\/wp-json\/wp\/v2\/pages"}],"about":[{"href":"https:\/\/ampelosetdeviris.com\/index.php\/wp-json\/wp\/v2\/types\/page"}],"author":[{"embeddable":true,"href":"https:\/\/ampelosetdeviris.com\/index.php\/wp-json\/wp\/v2\/users\/1"}],"replies":[{"embeddable":true,"href":"https:\/\/ampelosetdeviris.com\/index.php\/wp-json\/wp\/v2\/comments?post=820"}],"version-history":[{"count":13,"href":"https:\/\/ampelosetdeviris.com\/index.php\/wp-json\/wp\/v2\/pages\/820\/revisions"}],"predecessor-version":[{"id":1695,"href":"https:\/\/ampelosetdeviris.com\/index.php\/wp-json\/wp\/v2\/pages\/820\/revisions\/1695"}],"wp:attachment":[{"href":"https:\/\/ampelosetdeviris.com\/index.php\/wp-json\/wp\/v2\/media?parent=820"}],"curies":[{"name":"wp","href":"https:\/\/api.w.org\/{rel}","templated":true}]}}